{"id":648,"date":"2021-07-15T14:13:20","date_gmt":"2021-07-15T12:13:20","guid":{"rendered":"https:\/\/www.bravanautic.com\/politique-de-confidentialite\/"},"modified":"2021-07-15T14:59:40","modified_gmt":"2021-07-15T12:59:40","slug":"politique-de-confidentialite","status":"publish","type":"page","link":"https:\/\/www.bravanautic.com\/fr\/politique-de-confidentialite\/","title":{"rendered":"Politique de confidentialit\u00e9"},"content":{"rendered":"\n<ul class=\"wp-block-list\"><li>Nom de la soci\u00e9t\u00e9 : BLU SIMAR S.L.U.<\/li><li>Nom commercial : BRAVANAUTIC<\/li><li>Si\u00e8ge social : Calle del Futur s\/n, Viver Altamar, D3, 17251, Calonge i Sant Antoni, Girona, Espagne<\/li><li>CIF \/ NIF : B55175467<\/li><li>T\u00e9l\u00e9phone : +34 639 622 001<\/li><li>Courriel : info@bravanautic.com<\/li><li>Nom de domaine : www.bravanautic.com<\/li><li>Autorisation administrative : active<\/li><\/ul>\n\n\n\n<h2 class=\"wp-block-heading\" id=\"h-object\">Object<\/h2>\n\n\n\n<p>Le fournisseur, responsable du site web, met \u00e0 la disposition des utilisateurs ce document avec lequel il entend respecter les obligations pr\u00e9vues par la Loi 34\/2002, des Services de la Soci\u00e9t\u00e9 de l&rsquo;Information et du Commerce \u00c9lectronique (LSSI-CE), ainsi que d&rsquo;informer tous les utilisateurs du site web sur ce que sont les conditions d&rsquo;utilisation du site web.<\/p>\n\n\n\n<p>Toute personne acc\u00e9dant \u00e0 ce site Web assume le r\u00f4le d&rsquo;utilisateur, s&rsquo;engageant \u00e0 respecter et \u00e0 se conformer strictement aux dispositions du pr\u00e9sent document, ainsi qu&rsquo;\u00e0 toute autre disposition l\u00e9gale qui pourrait \u00eatre applicable. Le fournisseur se r\u00e9serve le droit de modifier tout type d&rsquo;information qui peut appara\u00eetre sur le site web, sans aucune obligation de pr\u00e9avis ou d&rsquo;informer les utilisateurs de ces obligations, \u00e9tant entendu comme suffisant avec la publication sur le site web du fournisseur.<\/p>\n\n\n\n<h2 class=\"wp-block-heading\" id=\"h-responsabilit\">Responsabilit\u00e9<\/h2>\n\n\n\n<p>Le fournisseur d\u00e9cline toute responsabilit\u00e9 quant aux informations publi\u00e9es sur son site web, pour autant que ces informations aient \u00e9t\u00e9 manipul\u00e9es ou introduites par un tiers ext\u00e9rieur \u00e0 lui.<\/p>\n\n\n\n<p>Le site web du prestataire peut utiliser des cookies (petits fichiers d&rsquo;information que le serveur envoie \u00e0 l&rsquo;ordinateur de la personne qui acc\u00e8de \u00e0 la page) pour r\u00e9aliser certaines fonctions consid\u00e9r\u00e9es comme essentielles pour le bon fonctionnement et la visualisation du site. Les cookies utilis\u00e9s sur le site sont, dans tous les cas, temporaires dans le seul but de rendre plus efficace la transmission ult\u00e9rieure et disparaissent \u00e0 la fin de la session de l&rsquo;utilisateur. En aucun cas, les cookies ne seront utilis\u00e9s pour collecter des informations personnelles.<\/p>\n\n\n\n<p>Depuis le site web du client, il est possible que vous soyez redirig\u00e9 vers le contenu de sites web tiers. Comme le fournisseur ne peut pas toujours contr\u00f4ler le contenu publi\u00e9 par des tiers sur leurs sites web, il n&rsquo;assume aucune responsabilit\u00e9 pour ce contenu. Dans tous les cas, le fournisseur d\u00e9clare qu&rsquo;il proc\u00e9dera au retrait imm\u00e9diat de tout contenu susceptible de violer la loi nationale ou internationale, la morale ou l&rsquo;ordre public, en proc\u00e9dant au retrait imm\u00e9diat de la redirection vers ce site web, en portant \u00e0 la connaissance des autorit\u00e9s comp\u00e9tentes le contenu en question.<\/p>\n\n\n\n<p>Le fournisseur n&rsquo;est pas responsable des informations et du contenu stock\u00e9s, y compris, mais sans s&rsquo;y limiter, les forums, les chats, les g\u00e9n\u00e9rateurs de blogs, les commentaires, les r\u00e9seaux sociaux ou tout autre moyen permettant \u00e0 des tiers de publier du contenu de mani\u00e8re ind\u00e9pendante sur le site web du fournisseur. Toutefois, et conform\u00e9ment aux dispositions des art. 11 et 16 de la LSSI-CE, le fournisseur est \u00e0 la disposition de tous les utilisateurs, des autorit\u00e9s et des forces de s\u00e9curit\u00e9, et collabore activement \u00e0 la suppression ou au blocage de tous les contenus susceptibles d&rsquo;affecter ou de contrevenir \u00e0 la l\u00e9gislation nationale, internationale, aux droits des tiers ou \u00e0 la morale et \u00e0 l&rsquo;ordre public. Si l&rsquo;utilisateur estime qu&rsquo;un contenu du site web est susceptible d&rsquo;\u00eatre class\u00e9 dans cette cat\u00e9gorie, il doit en informer imm\u00e9diatement l&rsquo;administrateur du site.<\/p>\n\n\n\n<p>Ce site web a \u00e9t\u00e9 revu et test\u00e9 afin de garantir son bon fonctionnement. En principe, son bon fonctionnement peut \u00eatre garanti 365 jours par an, 24 heures sur 24, toutefois, le fournisseur n&rsquo;exclut pas la possibilit\u00e9 de l&rsquo;existence de certaines erreurs de programmation, ni la survenance de cas de force majeure, de catastrophes naturelles, de gr\u00e8ves ou de circonstances similaires rendant impossible l&rsquo;acc\u00e8s au site web.<\/p>\n\n\n\n<p>Les donn\u00e9es de contact par ce site web n&rsquo;ont pas le consentement des contacts commerciaux ou quelles que soient les intentions de l&rsquo;utilisateur qui contacte, sauf pour les budgets, le support technique ou les budgets de nos services.<\/p>\n\n\n\n<p>Par le biais de la Plateforme, Bravanautic.com offre un service de r\u00e9servation en ligne par lequel les prestataires touristiques peuvent proposer leurs produits et services de r\u00e9servation afin que les utilisateurs de la Plateforme puissent les utiliser pour r\u00e9server facilement en un seul endroit. Bravanautic.com n&rsquo;ach\u00e8te ni ne (re)vend les produits ou services de r\u00e9servation. Vous payez directement le fournisseur (Bravanautic.com n&rsquo;offre qu&rsquo;un r\u00f4le d&rsquo;interm\u00e9diaire).<\/p>\n\n\n\n<p>Lorsque vous effectuez une r\u00e9servation par le biais de la Plateforme, vous entrez dans une relation contractuelle directe avec le Fournisseur que vous r\u00e9servez, sauf indication contraire. Bravanautic.com communique les d\u00e9tails de votre r\u00e9servation au(x) fournisseur(s) concern\u00e9(s) et vous envoie un e-mail de confirmation au nom du fournisseur, sauf indication contraire.<\/p>\n\n\n\n<p>La vente en ligne de produits touristiques \u00e0 travers le r\u00e9seau de vente BRAVANAUTIC se fait directement du client \u00e0 l&rsquo;entreprise fournisseur, sans que le r\u00e9seau de vente ait la responsabilit\u00e9 de CAP (Sauf ceux de l&rsquo;Agence de Voyage), en appliquant, dans chaque cas, les conditions de vente et de paiement anticip\u00e9 \u00e9tablies par le FOURNISSEUR individuellement. Les conditions particuli\u00e8res de chaque activit\u00e9 peuvent \u00eatre trouv\u00e9es dans le bon de r\u00e9servation ou sur les pages des services que nous vendons. Cependant, BRAVANAUTIC fournit les services de BOOKING CENTER afin d&rsquo;accommoder l&rsquo;activit\u00e9 \u00e0 la loi et de contr\u00f4ler la bonne ex\u00e9cution de toutes les r\u00e9servations.<\/p>\n\n\n\n<h2 class=\"wp-block-heading\" id=\"h-protection-des-donn-es-personnelles\">Protection des donn\u00e9es personnelles<\/h2>\n\n\n\n<p>Le prestataire est profond\u00e9ment engag\u00e9 dans le respect de la r\u00e9glementation EUROP\u00c9ENNE en mati\u00e8re de protection des donn\u00e9es personnelles, et assure le plein respect des obligations \u00e9nonc\u00e9es, ainsi que la mise en \u0153uvre des mesures de s\u00e9curit\u00e9 pr\u00e9vues dans le R\u00e8glement de d\u00e9veloppement du RGPD.<\/p>\n\n\n\n<p>Le fournisseur met \u00e0 la disposition des utilisateurs la politique de confidentialit\u00e9 de l&rsquo;entit\u00e9 qui informe les utilisateurs sur les aspects suivants :<\/p>\n\n\n\n<ul class=\"wp-block-list\"><li>Coordonn\u00e9es du responsable du traitement des donn\u00e9es : BLU SIMAR S.L.U.<\/li><li>Donn\u00e9es trait\u00e9es : adresse e-mail, nom, NIF, adresse postale.<\/li><li>Fichier dans lequel ils sont stock\u00e9s : chambre forte interne.<\/li><li>Finalit\u00e9 du traitement : op\u00e9rationnelle et commerciale.<\/li><li>Obligation ou non de fournir, ainsi que les cons\u00e9quences en cas de non fourniture : L&rsquo;utilisateur est libre d&rsquo;indiquer son adresse \u00e9lectronique s&rsquo;il souhaite recevoir des informations.<\/li><li>Sur les droits de tous les utilisateurs et la proc\u00e9dure pour les exercer. Par courrier \u00e0 info@bravanautic.com \u00e0 partir de l&rsquo;adresse \u00e9lectronique fournie peuvent exercer leurs droits d&rsquo;annulation ou de suppression des donn\u00e9es.<\/li><\/ul>\n\n\n\n<h2 class=\"wp-block-heading\" id=\"h-quelles-sont-les-donn-es-que-nous-collectons\">Quelles sont les donn\u00e9es que nous collectons ?<\/h2>\n\n\n\n<p>\u00c0 partir du moment o\u00f9 vous contactez BLU SIMAR S.L.U., soit parce que vous demandez des informations sur nos produits ou services, soit parce que vous souhaitez devenir notre client, nous devons traiter vos donn\u00e9es personnelles. En g\u00e9n\u00e9ral, nous demandons les donn\u00e9es d&rsquo;identification suivantes : nom, pr\u00e9nom, nom commercial, NIF, ville, pays et num\u00e9ro de t\u00e9l\u00e9phone. Ces donn\u00e9es ne sont pas obligatoires et il est m\u00eame possible de s&rsquo;inscrire avec seulement un nom et une adresse \u00e9lectronique.<\/p>\n\n\n\n<p>En outre, les donn\u00e9es de navigation suivantes seront collect\u00e9es : IP de la connexion Internet, caract\u00e9ristiques de l&rsquo;appareil, langue pr\u00e9f\u00e9r\u00e9e, pays de localisation et donn\u00e9es de session (domaine de r\u00e9f\u00e9rence, pages visit\u00e9es, date et heure d&rsquo;acc\u00e8s au site web).<\/p>\n\n\n\n<p>Nous obtenons les donn\u00e9es \u00e0 partir de l&rsquo;enregistrement de notre site web, de notre Blog et de notre service et support client.<\/p>\n\n\n\n<h2 class=\"wp-block-heading\" id=\"h-quel-usage-faisons-nous-de-ces-donn-es\">Quel usage faisons-nous de ces donn\u00e9es ?<\/h2>\n\n\n\n<p>Nous utilisons ces donn\u00e9es pour les usages suivants :<\/p>\n\n\n\n<ul class=\"wp-block-list\"><li>En cas de demande d&rsquo;informations, pour faciliter l&rsquo;offre commerciale des services que nous fournissons.<\/li><li>Pour fournir le service de facturation dans le cas o\u00f9 un compte est cr\u00e9\u00e9.<\/li><li>R\u00e9aliser des statistiques et des rapports sur le march\u00e9.<\/li><li>Analyser le comportement de navigation et l&rsquo;acc\u00e8s des utilisateurs \u00e0 nos sites web et applications.<\/li><li>Pour offrir de nouveaux services susceptibles d&rsquo;int\u00e9resser nos utilisateurs.<\/li><li>Gr\u00e2ce aux cookies et au code de suivi incorpor\u00e9 \u00e0 notre site web et \u00e0 nos apps, nous collectons des informations pour am\u00e9liorer l&rsquo;exp\u00e9rience utilisateur.<\/li><\/ul>\n\n\n\n<h2 class=\"wp-block-heading\" id=\"h-partageons-nous-ou-transf-rons-nous-vos-donn-es\">Partageons-nous ou transf\u00e9rons-nous vos donn\u00e9es ?<\/h2>\n\n\n\n<p>Non. BLU SIMAR S.L.U. ne communiquera vos donn\u00e9es personnelles \u00e0 aucune entreprise, \u00e0 l&rsquo;exception de celles requises par des entreprises tierces ou des fournisseurs de BLU SIMAR S.L.U. pour la prestation correcte de nos services. Ces donn\u00e9es seront strictement n\u00e9cessaires pour que BLU SIMAR S.L.U. puisse offrir ses produits ou services et ni BLU SIMAR S.L.U., ni les entreprises tierces n&rsquo;utiliseront les donn\u00e9es diff\u00e9remment de ce qui est indiqu\u00e9 dans la pr\u00e9sente politique ou dans le Contrat de service, dans le cas o\u00f9 le service est effectivement contract\u00e9 aupr\u00e8s de BLU SIMAR S.L.U.<\/p>\n\n\n\n<p>Nous nous engageons \u00e0 vous informer de tout changement d&rsquo;entreprise qui implique une nouvelle propri\u00e9t\u00e9 des donn\u00e9es que vous nous avez confi\u00e9es, en vous donnant la possibilit\u00e9 d&rsquo;exercer vos droits.<\/p>\n\n\n\n<h2 class=\"wp-block-heading\" id=\"h-mes-donn-es-sont-elles-en-s-curit-dans-blu-simar-s-l-u\">Mes donn\u00e9es sont-elles en s\u00e9curit\u00e9 dans BLU SIMAR S.L.U. ?<\/h2>\n\n\n\n<p>BLU SIMAR S.L.U. a d\u00e9velopp\u00e9 tous les syst\u00e8mes et les mesures techniques et organisationnelles \u00e0 sa disposition, conform\u00e9ment \u00e0 la r\u00e9glementation sur la protection des donn\u00e9es personnelles, pour \u00e9viter la perte, la mauvaise utilisation, l&rsquo;alt\u00e9ration, l&rsquo;acc\u00e8s non autoris\u00e9 et le vol des donn\u00e9es personnelles fournies par l&rsquo;utilisateur ou le visiteur.<\/p>\n\n\n\n<p>Toutes les communications avec BLU SIMAR S.L.U. sont effectu\u00e9es sur un canal s\u00e9curis\u00e9 utilisant un cryptage de 256 bits, le m\u00eame niveau de s\u00e9curit\u00e9 utilis\u00e9 par les banques les plus avanc\u00e9es.<\/p>\n\n\n\n<p>Les serveurs du fournisseur de services d&rsquo;h\u00e9bergement sont h\u00e9berg\u00e9s en Europe, ce qui garantit des normes de s\u00e9curit\u00e9 \u00e9lev\u00e9es (\u00e0 la fois la s\u00e9curit\u00e9 physique des installations, comme les sauvegardes, la s\u00e9curit\u00e9 du r\u00e9seau et les services de stockage).<\/p>\n\n\n\n<h2 class=\"wp-block-heading\" id=\"h-quels-sont-mes-droits\">Quels sont mes droits ?<\/h2>\n\n\n\n<ul class=\"wp-block-list\"><li>Droit d&rsquo;\u00eatre inform\u00e9 : Dans cette section, nous vous informerons de vos droits en ce qui concerne les donn\u00e9es que nous collectons.<\/li><li>Droit d&rsquo;acc\u00e8s : Ce droit vous permet de savoir quelles donn\u00e9es sont trait\u00e9es, \u00e0 quelles fins, quelle est leur origine et si nous les communiquons ou les avons communiqu\u00e9es \u00e0 des tiers.<\/li><li>Droit de rectification : C&rsquo;est la possibilit\u00e9 de modifier vos donn\u00e9es lorsque celles-ci sont incompl\u00e8tes ou inexactes.<\/li><li>Droit d&rsquo;opposition : Vous avez le droit de vous opposer au traitement de vos donn\u00e9es personnelles lorsque, pour des raisons li\u00e9es \u00e0 votre situation personnelle, le traitement de vos donn\u00e9es doit cesser (sauf si l&rsquo;une des exceptions pr\u00e9vues par la l\u00e9gislation est remplie).<\/li><li>Droit \u00e0 l&rsquo;oubli : il s&rsquo;agit du droit \u00e0 l&rsquo;effacement de vos donn\u00e9es si la raison pour laquelle vous les avez fournies a disparu, si le traitement n&rsquo;est pas licite parce qu&rsquo;elles n&rsquo;ont pas \u00e9t\u00e9 collect\u00e9es correctement, ou si vous r\u00e9voquez votre consentement, ainsi que les autres cas pr\u00e9vus par la loi.<\/li><li>Droit \u00e0 la limitation du traitement : Ce droit vous permet de demander et d&rsquo;obtenir du responsable du traitement ou du fichier, une limitation du traitement de vos donn\u00e9es personnelles lorsque les sc\u00e9narios suivants se produisent : inexactitude, ill\u00e9galit\u00e9, r\u00e9clamations ou opposition.<\/li><li>Droit \u00e0 la portabilit\u00e9 : recevoir vos donn\u00e9es dans un format structur\u00e9, couramment utilis\u00e9 et lisible par machine, et pouvoir les transmettre \u00e0 un autre responsable du traitement, lorsque cela est techniquement possible.<\/li><li>Droit de ne pas faire l&rsquo;objet de d\u00e9cisions individuelles automatis\u00e9es : pour nous emp\u00eacher de prendre une d\u00e9cision vous concernant fond\u00e9e uniquement sur le traitement automatis\u00e9 de vos donn\u00e9es qui produit des effets juridiques ou vous affecte de mani\u00e8re similaire.<\/li><\/ul>\n\n\n\n<p>Vous pouvez exercer l&rsquo;un de ces droits en envoyant un courrier \u00e9lectronique \u00e0 <a href=\"mailto:info@bravanautic.com\">info@bravanautic.com<\/a>.<\/p>\n\n\n\n<h2 class=\"wp-block-heading\" id=\"h-propri-t-intellectuelle-et-industrielle\">Propri\u00e9t\u00e9 intellectuelle et industrielle<\/h2>\n\n\n\n<p>Le site Web, y compris, mais sans s&rsquo;y limiter, la programmation, l&rsquo;\u00e9dition, la compilation et d&rsquo;autres \u00e9l\u00e9ments n\u00e9cessaires \u00e0 son fonctionnement, les dessins, logos, textes et \/ ou graphiques sont la propri\u00e9t\u00e9 du fournisseur ou si vous avez une licence ou une autorisation par les auteurs. Tous les contenus du site web sont d\u00fbment prot\u00e9g\u00e9s par la r\u00e9glementation en mati\u00e8re de propri\u00e9t\u00e9 intellectuelle et industrielle, et sont inscrits dans les registres publics correspondants.<\/p>\n\n\n\n<p>Ind\u00e9pendamment de la finalit\u00e9 \u00e0 laquelle ils sont destin\u00e9s, la reproduction totale ou partielle, l&rsquo;utilisation, l&rsquo;exploitation, la distribution et la commercialisation, dans tous les cas, n\u00e9cessitent l&rsquo;autorisation \u00e9crite pr\u00e9alable du fournisseur. Toute utilisation non autoris\u00e9e pr\u00e9alablement par le fournisseur sera consid\u00e9r\u00e9e comme une violation grave des droits de propri\u00e9t\u00e9 intellectuelle ou industrielle de l&rsquo;auteur.<\/p>\n\n\n\n<p>Les dessins, logos, textes et\/ou graphiques ext\u00e9rieurs au prestataire et pouvant appara\u00eetre sur le site appartiennent \u00e0 leurs propri\u00e9taires respectifs, eux-m\u00eames responsables de tout litige pouvant survenir \u00e0 leur sujet. Dans tous les cas, le prestataire doit obtenir une autorisation pr\u00e9alable expresse de leur part.<\/p>\n\n\n\n<p>Le prestataire autorise express\u00e9ment les tiers \u00e0 rediriger directement vers les contenus sp\u00e9cifiques du site, et en tout \u00e9tat de cause \u00e0 rediriger vers le site principal du prestataire.<\/p>\n\n\n\n<p>Le fournisseur reconna\u00eet en faveur de leurs propri\u00e9taires les droits de propri\u00e9t\u00e9 industrielle et intellectuelle correspondants, en cas d&rsquo;utilisation de toute image externe. Pour faire des commentaires sur d&rsquo;\u00e9ventuelles violations des droits de propri\u00e9t\u00e9 intellectuelle ou industrielle, ainsi que sur tout contenu du site web, vous pouvez le faire via l&rsquo;adresse \u00e9lectronique suivante (info@bravanautic.com).<\/p>\n\n\n\n<h2 class=\"wp-block-heading\" id=\"h-loi-et-juridiction-applicable\">Loi et juridiction applicable<\/h2>\n\n\n\n<p>Pour la r\u00e9solution de tous les litiges ou questions relatifs \u00e0 ce site web ou aux activit\u00e9s qui y sont men\u00e9es, la loi espagnole sera applicable, \u00e0 laquelle les parties se soumettent express\u00e9ment, et les Cours et Tribunaux de G\u00e9rone seront comp\u00e9tents pour la r\u00e9solution de tous les litiges d\u00e9coulant de ou li\u00e9s \u00e0 son utilisation.<\/p>\n","protected":false},"excerpt":{"rendered":"<p>Nom de la soci\u00e9t\u00e9 : BLU SIMAR S.L.U. Nom commercial : BRAVANAUTIC Si\u00e8ge social : Calle del Futur s\/n, Viver Altamar, D3, 17251, Calonge i Sant Antoni, Girona, Espagne CIF \/ NIF : B55175467 T\u00e9l\u00e9phone : +34 639 622 001 Courriel : info@bravanautic.com Nom de &hellip; <\/p>\n","protected":false},"author":1,"featured_media":0,"parent":0,"menu_order":0,"comment_status":"closed","ping_status":"open","template":"","meta":{"_joinchat":[],"footnotes":""},"class_list":["post-648","page","type-page","status-publish","hentry","latest_post"],"_links":{"self":[{"href":"https:\/\/www.bravanautic.com\/fr\/wp-json\/wp\/v2\/pages\/648","targetHints":{"allow":["GET"]}}],"collection":[{"href":"https:\/\/www.bravanautic.com\/fr\/wp-json\/wp\/v2\/pages"}],"about":[{"href":"https:\/\/www.bravanautic.com\/fr\/wp-json\/wp\/v2\/types\/page"}],"author":[{"embeddable":true,"href":"https:\/\/www.bravanautic.com\/fr\/wp-json\/wp\/v2\/users\/1"}],"replies":[{"embeddable":true,"href":"https:\/\/www.bravanautic.com\/fr\/wp-json\/wp\/v2\/comments?post=648"}],"version-history":[{"count":2,"href":"https:\/\/www.bravanautic.com\/fr\/wp-json\/wp\/v2\/pages\/648\/revisions"}],"predecessor-version":[{"id":656,"href":"https:\/\/www.bravanautic.com\/fr\/wp-json\/wp\/v2\/pages\/648\/revisions\/656"}],"wp:attachment":[{"href":"https:\/\/www.bravanautic.com\/fr\/wp-json\/wp\/v2\/media?parent=648"}],"curies":[{"name":"wp","href":"https:\/\/api.w.org\/{rel}","templated":true}]}}